{"id":23,"date":"2014-01-08T12:17:24","date_gmt":"2014-01-08T12:17:24","guid":{"rendered":"http:\/\/lacuevadeltigre.com\/wpreocupados\/?page_id=23"},"modified":"2019-11-24T11:27:28","modified_gmt":"2019-11-24T11:27:28","slug":"siempre-consulta-a-un-profesional","status":"publish","type":"page","link":"https:\/\/medaid.jvmhost.net\/animalsos\/siempre-consulta-a-un-profesional\/","title":{"rendered":"Siempre consulta a un profesional."},"content":{"rendered":"<p>El contenido de esta p\u00e1gina es meramente informativo y no pretende sustituir a la informaci\u00f3n que puede proporcionar tu veterinario. La intenci\u00f3n de la misma es permitir que personas preocupadas por sus animales puedan disponer de informaci\u00f3n de contraste. Esta informaci\u00f3n puede incluir errores e imprecisiones, t\u00f3mala siempre con cautela.<\/p>\n","protected":false},"excerpt":{"rendered":"<p>El contenido de esta p\u00e1gina es meramente informativo y no pretende sustituir a la informaci\u00f3n que puede proporcionar tu veterinario. La intenci\u00f3n de la misma es permitir que personas preocupadas por sus animales puedan disponer de informaci\u00f3n de contraste. Esta informaci\u00f3n puede incluir errores e imprecisiones, t\u00f3mala siempre con cautela.<\/p>\n","protected":false},"author":1,"featured_media":0,"parent":0,"menu_order":0,"comment_status":"open","ping_status":"open","template":"","meta":[],"_links":{"self":[{"href":"https:\/\/medaid.jvmhost.net\/animalsos\/wp-json\/wp\/v2\/pages\/23"}],"collection":[{"href":"https:\/\/medaid.jvmhost.net\/animalsos\/wp-json\/wp\/v2\/pages"}],"about":[{"href":"https:\/\/medaid.jvmhost.net\/animalsos\/wp-json\/wp\/v2\/types\/page"}],"author":[{"embeddable":true,"href":"https:\/\/medaid.jvmhost.net\/animalsos\/wp-json\/wp\/v2\/users\/1"}],"replies":[{"embeddable":true,"href":"https:\/\/medaid.jvmhost.net\/animalsos\/wp-json\/wp\/v2\/comments?post=23"}],"version-history":[{"count":2,"href":"https:\/\/medaid.jvmhost.net\/animalsos\/wp-json\/wp\/v2\/pages\/23\/revisions"}],"predecessor-version":[{"id":162,"href":"https:\/\/medaid.jvmhost.net\/animalsos\/wp-json\/wp\/v2\/pages\/23\/revisions\/162"}],"wp:attachment":[{"href":"https:\/\/medaid.jvmhost.net\/animalsos\/wp-json\/wp\/v2\/media?parent=23"}],"curies":[{"name":"wp","href":"https:\/\/api.w.org\/{rel}","templated":true}]}}